{"id":172,"date":"2024-01-18T19:26:33","date_gmt":"2024-01-18T19:26:33","guid":{"rendered":"https:\/\/confianza.coop.py\/wordpress\/?page_id=172"},"modified":"2024-01-19T19:59:41","modified_gmt":"2024-01-19T19:59:41","slug":"nosotros","status":"publish","type":"page","link":"https:\/\/confianza.coop.py\/wordpress\/index.php\/nosotros\/","title":{"rendered":"Nosotros"},"content":{"rendered":"\t\t<div data-elementor-type=\"wp-page\" data-elementor-id=\"172\" class=\"elementor elementor-172\">\n\t\t\t\t<div class=\"elementor-element elementor-element-addee33 e-con-full e-flex e-con e-parent\" data-id=\"addee33\" data-element_type=\"container\" data-settings=\"{&quot;background_background&quot;:&quot;classic&quot;}\">\n\t\t\t\t<div class=\"elementor-element elementor-element-241e687f elementor-widget-tablet__width-initial elementor-widget elementor-widget-image\" data-id=\"241e687f\" data-element_type=\"widget\" data-widget_type=\"image.default\">\n\t\t\t\t<div class=\"elementor-widget-container\">\n\t\t\t\t\t\t\t\t\t\t\t\t\t\t\t<img fetchpriority=\"high\" decoding=\"async\" width=\"538\" height=\"300\" src=\"https:\/\/confianza.coop.py\/wordpress\/wp-content\/uploads\/2024\/01\/NOT_03.jpg\" class=\"attachment-large size-large wp-image-133\" alt=\"\" srcset=\"https:\/\/confianza.coop.py\/wordpress\/wp-content\/uploads\/2024\/01\/NOT_03.jpg 538w, https:\/\/confianza.coop.py\/wordpress\/wp-content\/uploads\/2024\/01\/NOT_03-300x167.jpg 300w\" sizes=\"(max-width: 538px) 100vw, 538px\" \/>\t\t\t\t\t\t\t\t\t\t\t\t\t\t\t<\/div>\n\t\t\t\t<\/div>\n\t\t<div class=\"elementor-element elementor-element-43a6699f e-con-full e-flex e-con e-child\" data-id=\"43a6699f\" data-element_type=\"container\" data-settings=\"{&quot;background_background&quot;:&quot;classic&quot;}\">\n\t\t\t\t<div class=\"elementor-element elementor-element-4ea81fc0 elementor-widget elementor-widget-heading\" data-id=\"4ea81fc0\" data-element_type=\"widget\" data-widget_type=\"heading.default\">\n\t\t\t\t<div class=\"elementor-widget-container\">\n\t\t\t\t\t<h2 class=\"elementor-heading-title elementor-size-default\">NOSOTROS<\/h2>\t\t\t\t<\/div>\n\t\t\t\t<\/div>\n\t\t\t\t<div class=\"elementor-element elementor-element-70f0364 elementor-widget-divider--view-line elementor-widget elementor-widget-divider\" data-id=\"70f0364\" data-element_type=\"widget\" data-widget_type=\"divider.default\">\n\t\t\t\t<div class=\"elementor-widget-container\">\n\t\t\t\t\t\t\t<div class=\"elementor-divider\">\n\t\t\t<span class=\"elementor-divider-separator\">\n\t\t\t\t\t\t<\/span>\n\t\t<\/div>\n\t\t\t\t\t\t<\/div>\n\t\t\t\t<\/div>\n\t\t\t\t<div class=\"elementor-element elementor-element-130ba711 elementor-widget-mobile__width-inherit elementor-widget elementor-widget-text-editor\" data-id=\"130ba711\" data-element_type=\"widget\" data-widget_type=\"text-editor.default\">\n\t\t\t\t<div class=\"elementor-widget-container\">\n\t\t\t\t\t\t\t\t\t<p>La entidad denominada Cooperativa Multiactiva de Ahorro, Cr\u00e9dito y Servicios \u201cCONFIANZA LTDA.\u201d, constituida en la ciudad de Asunci\u00f3n, Capital de la Rep\u00fablica del Paraguay, a los veintid\u00f3s del mes de diciembre del a\u00f1o dos mil veinte y dos, con Personer\u00eda Jur\u00eddica otorgada por Res. INCOOP N\u00b0 27.244\/23 y Certificado de Inscripci\u00f3n N\u00b0 1.821, se encuentra regida por un Estatuto Social, por las normas establecidas en la Ley N\u00b0 438\/94 del 21 de octubre de 1.994, por el Decreto Reglamentario N\u00b0 14.052 del 3 de julio de 1.996 y otras normativas del Instituto Nacional de Cooperativismo (INCOOP).<\/p><p>Pueden ser socios: El Personal Activo y Jubilado de la Entidad Binacional Yacyreta, \u00e9ste \u00faltimo, deber\u00e1 ser adherente al Sistema del Complemento Jubilatorio que cumplan con los dem\u00e1s requisitos especificados en el Estatuto Social de la Cooperativa.<\/p>\t\t\t\t\t\t\t\t<\/div>\n\t\t\t\t<\/div>\n\t\t\t\t<\/div>\n\t\t\t\t<\/div>\n\t\t\t\t<\/div>\n\t\t","protected":false},"excerpt":{"rendered":"<p>NOSOTROS La entidad denominada Cooperativa Multiactiva de Ahorro, Cr\u00e9dito y Servicios \u201cCONFIANZA LTDA.\u201d, constituida en la ciudad de Asunci\u00f3n, Capital de la Rep\u00fablica del Paraguay, a los veintid\u00f3s del mes de diciembre del a\u00f1o dos mil veinte y dos, con Personer\u00eda Jur\u00eddica otorgada por Res. INCOOP N\u00b0 27.244\/23 y Certificado de Inscripci\u00f3n N\u00b0 1.821, se&#8230;<\/p>\n","protected":false},"author":1,"featured_media":0,"parent":0,"menu_order":0,"comment_status":"closed","ping_status":"closed","template":"","meta":{"_kad_post_transparent":"","_kad_post_title":"hide","_kad_post_layout":"fullwidth","_kad_post_sidebar_id":"","_kad_post_content_style":"unboxed","_kad_post_vertical_padding":"hide","_kad_post_feature":"hide","_kad_post_feature_position":"","_kad_post_header":false,"_kad_post_footer":false,"footnotes":""},"class_list":["post-172","page","type-page","status-publish","hentry"],"_links":{"self":[{"href":"https:\/\/confianza.coop.py\/wordpress\/index.php\/wp-json\/wp\/v2\/pages\/172","targetHints":{"allow":["GET"]}}],"collection":[{"href":"https:\/\/confianza.coop.py\/wordpress\/index.php\/wp-json\/wp\/v2\/pages"}],"about":[{"href":"https:\/\/confianza.coop.py\/wordpress\/index.php\/wp-json\/wp\/v2\/types\/page"}],"author":[{"embeddable":true,"href":"https:\/\/confianza.coop.py\/wordpress\/index.php\/wp-json\/wp\/v2\/users\/1"}],"replies":[{"embeddable":true,"href":"https:\/\/confianza.coop.py\/wordpress\/index.php\/wp-json\/wp\/v2\/comments?post=172"}],"version-history":[{"count":24,"href":"https:\/\/confianza.coop.py\/wordpress\/index.php\/wp-json\/wp\/v2\/pages\/172\/revisions"}],"predecessor-version":[{"id":327,"href":"https:\/\/confianza.coop.py\/wordpress\/index.php\/wp-json\/wp\/v2\/pages\/172\/revisions\/327"}],"wp:attachment":[{"href":"https:\/\/confianza.coop.py\/wordpress\/index.php\/wp-json\/wp\/v2\/media?parent=172"}],"curies":[{"name":"wp","href":"https:\/\/api.w.org\/{rel}","templated":true}]}}