{"id":201,"date":"2024-01-18T21:51:37","date_gmt":"2024-01-18T21:51:37","guid":{"rendered":"https:\/\/confianza.coop.py\/wordpress\/?page_id=201"},"modified":"2025-02-05T00:11:42","modified_gmt":"2025-02-05T00:11:42","slug":"organizacion","status":"publish","type":"page","link":"https:\/\/confianza.coop.py\/wordpress\/index.php\/organizacion\/","title":{"rendered":"Organizaci\u00f3n"},"content":{"rendered":"\t\t<div data-elementor-type=\"wp-page\" data-elementor-id=\"201\" class=\"elementor elementor-201\">\n\t\t\t\t<div class=\"elementor-element elementor-element-a8b3a6a e-con-full e-flex e-con e-parent\" data-id=\"a8b3a6a\" data-element_type=\"container\">\n\t\t\t\t<div class=\"elementor-element elementor-element-1657191 elementor-widget elementor-widget-heading\" data-id=\"1657191\" data-element_type=\"widget\" data-widget_type=\"heading.default\">\n\t\t\t\t<div class=\"elementor-widget-container\">\n\t\t\t\t\t<h2 class=\"elementor-heading-title elementor-size-default\">ORGANIZACI\u00d3N<\/h2>\t\t\t\t<\/div>\n\t\t\t\t<\/div>\n\t\t\t\t<div class=\"elementor-element elementor-element-ea58cec elementor-widget elementor-widget-heading\" data-id=\"ea58cec\" data-element_type=\"widget\" data-widget_type=\"heading.default\">\n\t\t\t\t<div class=\"elementor-widget-container\">\n\t\t\t\t\t<h2 class=\"elementor-heading-title elementor-size-default\">\u00d3RGANOS DE GOBIERNO<\/h2>\t\t\t\t<\/div>\n\t\t\t\t<\/div>\n\t\t\t\t<div class=\"elementor-element elementor-element-df4fca6 elementor-widget-divider--view-line elementor-widget elementor-widget-divider\" data-id=\"df4fca6\" data-element_type=\"widget\" data-widget_type=\"divider.default\">\n\t\t\t\t<div class=\"elementor-widget-container\">\n\t\t\t\t\t\t\t<div class=\"elementor-divider\">\n\t\t\t<span class=\"elementor-divider-separator\">\n\t\t\t\t\t\t<\/span>\n\t\t<\/div>\n\t\t\t\t\t\t<\/div>\n\t\t\t\t<\/div>\n\t\t\t\t<div class=\"elementor-element elementor-element-2d5e480 elementor-widget elementor-widget-text-editor\" data-id=\"2d5e480\" data-element_type=\"widget\" data-widget_type=\"text-editor.default\">\n\t\t\t\t<div class=\"elementor-widget-container\">\n\t\t\t\t\t\t\t\t\t<p>La direcci\u00f3n, la administraci\u00f3n y la vigilancia de la Cooperativa est\u00e1n a cargo de la Asamblea, del Consejo de Administraci\u00f3n, de la Junta de Vigilancia, del Tribunal Electoral y de los comit\u00e9s auxiliares en las \u00e1reas de su competencia.<\/p>\t\t\t\t\t\t\t\t<\/div>\n\t\t\t\t<\/div>\n\t\t\t\t<div class=\"elementor-element elementor-element-57753b6 elementor-widget elementor-widget-heading\" data-id=\"57753b6\" data-element_type=\"widget\" data-widget_type=\"heading.default\">\n\t\t\t\t<div class=\"elementor-widget-container\">\n\t\t\t\t\t<h2 class=\"elementor-heading-title elementor-size-default\">AUTORIDADES<\/h2>\t\t\t\t<\/div>\n\t\t\t\t<\/div>\n\t\t\t\t<div class=\"elementor-element elementor-element-e222823 elementor-widget-divider--view-line elementor-widget elementor-widget-divider\" data-id=\"e222823\" data-element_type=\"widget\" data-widget_type=\"divider.default\">\n\t\t\t\t<div class=\"elementor-widget-container\">\n\t\t\t\t\t\t\t<div class=\"elementor-divider\">\n\t\t\t<span class=\"elementor-divider-separator\">\n\t\t\t\t\t\t<\/span>\n\t\t<\/div>\n\t\t\t\t\t\t<\/div>\n\t\t\t\t<\/div>\n\t\t\t\t<\/div>\n\t\t<div class=\"elementor-element elementor-element-1451167 e-flex e-con-boxed e-con e-parent\" data-id=\"1451167\" data-element_type=\"container\">\n\t\t\t\t\t<div class=\"e-con-inner\">\n\t\t<div class=\"elementor-element elementor-element-d8f601c e-con-full e-flex e-con e-child\" data-id=\"d8f601c\" data-element_type=\"container\">\n\t\t\t\t<div class=\"elementor-element elementor-element-53baefa elementor-widget elementor-widget-heading\" data-id=\"53baefa\" data-element_type=\"widget\" data-widget_type=\"heading.default\">\n\t\t\t\t<div class=\"elementor-widget-container\">\n\t\t\t\t\t<h2 class=\"elementor-heading-title elementor-size-default\">CONSEJO DE ADMINISTRACI\u00d3N<\/h2>\t\t\t\t<\/div>\n\t\t\t\t<\/div>\n\t\t\t\t<div class=\"elementor-element elementor-element-74e5e52 elementor-widget elementor-widget-text-editor\" data-id=\"74e5e52\" data-element_type=\"widget\" data-widget_type=\"text-editor.default\">\n\t\t\t\t<div class=\"elementor-widget-container\">\n\t\t\t\t\t\t\t\t\t<p><strong>Presidente:<\/strong> Guillermo Miranda Rozzano<\/p><p><strong>Vice-Pdte.:<\/strong> Silvino Ben\u00edtez<\/p><p><strong>Secretario:<\/strong> Walter Villalba Zald\u00edvar<\/p><p><strong>Tesorero:<\/strong> Luis Amarilla Torres<\/p><p><strong>Vocal Tit.:<\/strong> Luis Rojas Aguilera<\/p><p><strong>Vocal Tit.:<\/strong>\u00a0 Marcos G\u00f3mez Royg<\/p><p><strong>Vocal Tit.:<\/strong> H\u00e9ctor Noguer Larroza<\/p><p><strong>Vocal Sup.:<\/strong> Rosa Miguelina G\u00f3mez de Mart\u00ednez<\/p>\t\t\t\t\t\t\t\t<\/div>\n\t\t\t\t<\/div>\n\t\t\t\t<\/div>\n\t\t<div class=\"elementor-element elementor-element-5b8fab2 e-con-full e-flex e-con e-child\" data-id=\"5b8fab2\" data-element_type=\"container\">\n\t\t<div class=\"elementor-element elementor-element-13e2125 e-con-full e-flex e-con e-child\" data-id=\"13e2125\" data-element_type=\"container\">\n\t\t\t\t<div class=\"elementor-element elementor-element-802a221 elementor-widget elementor-widget-heading\" data-id=\"802a221\" data-element_type=\"widget\" data-widget_type=\"heading.default\">\n\t\t\t\t<div class=\"elementor-widget-container\">\n\t\t\t\t\t<h2 class=\"elementor-heading-title elementor-size-default\">JUNTA DE VIGILANCIA<\/h2>\t\t\t\t<\/div>\n\t\t\t\t<\/div>\n\t\t\t\t<\/div>\n\t\t\t\t<div class=\"elementor-element elementor-element-d483b87 elementor-widget elementor-widget-text-editor\" data-id=\"d483b87\" data-element_type=\"widget\" data-widget_type=\"text-editor.default\">\n\t\t\t\t<div class=\"elementor-widget-container\">\n\t\t\t\t\t\t\t\t\t<p><strong>Presidente:<\/strong> Bernardino Ortiz Ruiz<\/p><p><strong>Secretaria:<\/strong> Sara Carolina Plan\u00e1s de Jim\u00e9nez<\/p><p><strong>Vocal Tit.:<\/strong> Gustavo Mart\u00ednez Ag\u00fcero<\/p><p><strong>Vocal Sup.:<\/strong> Lilian G\u00f3mez Jara<\/p><p><strong>Vocal Sup.:<\/strong> Mar\u00eda Ester Jim\u00e9nez<\/p>\t\t\t\t\t\t\t\t<\/div>\n\t\t\t\t<\/div>\n\t\t\t\t<\/div>\n\t\t\t\t\t<\/div>\n\t\t\t\t<\/div>\n\t\t\t\t<\/div>\n\t\t","protected":false},"excerpt":{"rendered":"<p>ORGANIZACI\u00d3N \u00d3RGANOS DE GOBIERNO La direcci\u00f3n, la administraci\u00f3n y la vigilancia de la Cooperativa est\u00e1n a cargo de la Asamblea, del Consejo de Administraci\u00f3n, de la Junta de Vigilancia, del Tribunal Electoral y de los comit\u00e9s auxiliares en las \u00e1reas de su competencia. AUTORIDADES CONSEJO DE ADMINISTRACI\u00d3N Presidente: Guillermo Miranda Rozzano Vice-Pdte.: Silvino Ben\u00edtez Secretario:&#8230;<\/p>\n","protected":false},"author":1,"featured_media":0,"parent":0,"menu_order":0,"comment_status":"closed","ping_status":"closed","template":"","meta":{"_kad_post_transparent":"","_kad_post_title":"hide","_kad_post_layout":"fullwidth","_kad_post_sidebar_id":"","_kad_post_content_style":"unboxed","_kad_post_vertical_padding":"hide","_kad_post_feature":"hide","_kad_post_feature_position":"","_kad_post_header":false,"_kad_post_footer":false,"footnotes":""},"class_list":["post-201","page","type-page","status-publish","hentry"],"_links":{"self":[{"href":"https:\/\/confianza.coop.py\/wordpress\/index.php\/wp-json\/wp\/v2\/pages\/201","targetHints":{"allow":["GET"]}}],"collection":[{"href":"https:\/\/confianza.coop.py\/wordpress\/index.php\/wp-json\/wp\/v2\/pages"}],"about":[{"href":"https:\/\/confianza.coop.py\/wordpress\/index.php\/wp-json\/wp\/v2\/types\/page"}],"author":[{"embeddable":true,"href":"https:\/\/confianza.coop.py\/wordpress\/index.php\/wp-json\/wp\/v2\/users\/1"}],"replies":[{"embeddable":true,"href":"https:\/\/confianza.coop.py\/wordpress\/index.php\/wp-json\/wp\/v2\/comments?post=201"}],"version-history":[{"count":60,"href":"https:\/\/confianza.coop.py\/wordpress\/index.php\/wp-json\/wp\/v2\/pages\/201\/revisions"}],"predecessor-version":[{"id":473,"href":"https:\/\/confianza.coop.py\/wordpress\/index.php\/wp-json\/wp\/v2\/pages\/201\/revisions\/473"}],"wp:attachment":[{"href":"https:\/\/confianza.coop.py\/wordpress\/index.php\/wp-json\/wp\/v2\/media?parent=201"}],"curies":[{"name":"wp","href":"https:\/\/api.w.org\/{rel}","templated":true}]}}