{"id":47,"date":"2024-01-18T01:08:10","date_gmt":"2024-01-18T01:08:10","guid":{"rendered":"https:\/\/confianza.coop.py\/wordpress\/?page_id=47"},"modified":"2025-02-05T00:09:54","modified_gmt":"2025-02-05T00:09:54","slug":"home","status":"publish","type":"page","link":"https:\/\/confianza.coop.py\/wordpress\/","title":{"rendered":"Home"},"content":{"rendered":"\t\t<div data-elementor-type=\"wp-page\" data-elementor-id=\"47\" class=\"elementor elementor-47\">\n\t\t\t\t<div class=\"elementor-element elementor-element-2cf05d1 e-transform elementor-hidden-desktop elementor-hidden-tablet e-flex e-con-boxed e-con e-parent\" data-id=\"2cf05d1\" data-element_type=\"container\" data-settings=\"{&quot;background_background&quot;:&quot;slideshow&quot;,&quot;background_slideshow_gallery&quot;:[{&quot;id&quot;:120,&quot;url&quot;:&quot;https:\\\/\\\/confianza.coop.py\\\/wordpress\\\/wp-content\\\/uploads\\\/2024\\\/01\\\/SM_BANNER_01-1.png&quot;},{&quot;id&quot;:433,&quot;url&quot;:&quot;https:\\\/\\\/confianza.coop.py\\\/wordpress\\\/wp-content\\\/uploads\\\/2024\\\/03\\\/SM_BANNER_03.png&quot;},{&quot;id&quot;:461,&quot;url&quot;:&quot;https:\\\/\\\/confianza.coop.py\\\/wordpress\\\/wp-content\\\/uploads\\\/2025\\\/02\\\/Banner_vuelta-a-clases_Mesa-de-trabajo-1-copia-5.jpg&quot;}],&quot;background_slideshow_slide_transition&quot;:&quot;slide_left&quot;,&quot;_transform_scale_effect_mobile&quot;:{&quot;unit&quot;:&quot;px&quot;,&quot;size&quot;:1.100000000000000088817841970012523233890533447265625,&quot;sizes&quot;:[]},&quot;background_slideshow_loop&quot;:&quot;yes&quot;,&quot;background_slideshow_slide_duration&quot;:5000,&quot;background_slideshow_transition_duration&quot;:500,&quot;_transform_scale_effect&quot;:{&quot;unit&quot;:&quot;px&quot;,&quot;size&quot;:&quot;&quot;,&quot;sizes&quot;:[]},&quot;_transform_scale_effect_tablet&quot;:{&quot;unit&quot;:&quot;px&quot;,&quot;size&quot;:&quot;&quot;,&quot;sizes&quot;:[]}}\">\n\t\t\t\t\t<div class=\"e-con-inner\">\n\t\t\t\t\t<\/div>\n\t\t\t\t<\/div>\n\t\t<div class=\"elementor-element elementor-element-05c546e e-transform elementor-hidden-mobile e-transform e-flex e-con-boxed e-con e-parent\" data-id=\"05c546e\" data-element_type=\"container\" data-settings=\"{&quot;background_background&quot;:&quot;slideshow&quot;,&quot;background_slideshow_gallery&quot;:[{&quot;id&quot;:93,&quot;url&quot;:&quot;https:\\\/\\\/confianza.coop.py\\\/wordpress\\\/wp-content\\\/uploads\\\/2024\\\/01\\\/SM_BANNER_01.png&quot;},{&quot;id&quot;:432,&quot;url&quot;:&quot;https:\\\/\\\/confianza.coop.py\\\/wordpress\\\/wp-content\\\/uploads\\\/2024\\\/03\\\/BANNER_03.png&quot;},{&quot;id&quot;:444,&quot;url&quot;:&quot;https:\\\/\\\/confianza.coop.py\\\/wordpress\\\/wp-content\\\/uploads\\\/2025\\\/02\\\/Banner_vuelta-a-clases_Mesa-de-trabajo-1-copia-2-2.jpg&quot;}],&quot;background_slideshow_slide_duration&quot;:2000,&quot;background_slideshow_slide_transition&quot;:&quot;slide_left&quot;,&quot;background_slideshow_transition_duration&quot;:450,&quot;_transform_translateX_effect_mobile&quot;:{&quot;unit&quot;:&quot;px&quot;,&quot;size&quot;:243,&quot;sizes&quot;:[]},&quot;_transform_translateY_effect_mobile&quot;:{&quot;unit&quot;:&quot;px&quot;,&quot;size&quot;:146,&quot;sizes&quot;:[]},&quot;_transform_scale_effect_mobile&quot;:{&quot;unit&quot;:&quot;px&quot;,&quot;size&quot;:1.100000000000000088817841970012523233890533447265625,&quot;sizes&quot;:[]},&quot;_transform_scale_effect_tablet&quot;:{&quot;unit&quot;:&quot;px&quot;,&quot;size&quot;:1,&quot;sizes&quot;:[]},&quot;background_slideshow_loop&quot;:&quot;yes&quot;,&quot;_transform_translateX_effect&quot;:{&quot;unit&quot;:&quot;px&quot;,&quot;size&quot;:&quot;&quot;,&quot;sizes&quot;:[]},&quot;_transform_translateX_effect_tablet&quot;:{&quot;unit&quot;:&quot;px&quot;,&quot;size&quot;:&quot;&quot;,&quot;sizes&quot;:[]},&quot;_transform_translateY_effect&quot;:{&quot;unit&quot;:&quot;px&quot;,&quot;size&quot;:&quot;&quot;,&quot;sizes&quot;:[]},&quot;_transform_translateY_effect_tablet&quot;:{&quot;unit&quot;:&quot;px&quot;,&quot;size&quot;:&quot;&quot;,&quot;sizes&quot;:[]},&quot;_transform_scale_effect&quot;:{&quot;unit&quot;:&quot;px&quot;,&quot;size&quot;:&quot;&quot;,&quot;sizes&quot;:[]}}\">\n\t\t\t\t\t<div class=\"e-con-inner\">\n\t\t\t\t\t<\/div>\n\t\t\t\t<\/div>\n\t\t<div class=\"elementor-element elementor-element-774a4a4b e-flex e-con-boxed e-con e-parent\" data-id=\"774a4a4b\" data-element_type=\"container\" data-settings=\"{&quot;background_background&quot;:&quot;classic&quot;}\">\n\t\t\t\t\t<div class=\"e-con-inner\">\n\t\t<div class=\"elementor-element elementor-element-74bff4c6 e-flex e-con-boxed e-con e-child\" data-id=\"74bff4c6\" data-element_type=\"container\" data-settings=\"{&quot;background_background&quot;:&quot;classic&quot;}\">\n\t\t\t\t\t<div class=\"e-con-inner\">\n\t\t\t\t<div class=\"elementor-element elementor-element-528909c4 animated-slow elementor-invisible elementor-widget elementor-widget-heading\" data-id=\"528909c4\" data-element_type=\"widget\" data-settings=\"{&quot;_animation&quot;:&quot;slideInUp&quot;}\" data-widget_type=\"heading.default\">\n\t\t\t\t<div class=\"elementor-widget-container\">\n\t\t\t\t\t<h2 class=\"elementor-heading-title elementor-size-default\">Noticias<\/h2>\t\t\t\t<\/div>\n\t\t\t\t<\/div>\n\t\t\t\t\t<\/div>\n\t\t\t\t<\/div>\n\t\t<div class=\"elementor-element elementor-element-70ce051e e-con-full e-flex e-con e-child\" data-id=\"70ce051e\" data-element_type=\"container\" data-settings=\"{&quot;background_background&quot;:&quot;classic&quot;}\">\n\t\t<div class=\"elementor-element elementor-element-1b8261a e-con-full e-flex e-con e-child\" data-id=\"1b8261a\" data-element_type=\"container\">\n\t\t\t\t<div class=\"elementor-element elementor-element-3e918bc3 elementor-widget elementor-widget-heading\" data-id=\"3e918bc3\" data-element_type=\"widget\" data-widget_type=\"heading.default\">\n\t\t\t\t<div class=\"elementor-widget-container\">\n\t\t\t\t\t<h3 class=\"elementor-heading-title elementor-size-default\">Charla | Vida<\/h3>\t\t\t\t<\/div>\n\t\t\t\t<\/div>\n\t\t\t\t<div class=\"elementor-element elementor-element-15886b63 elementor-position-top elementor-widget elementor-widget-image-box\" data-id=\"15886b63\" data-element_type=\"widget\" data-widget_type=\"image-box.default\">\n\t\t\t\t<div class=\"elementor-widget-container\">\n\t\t\t\t\t<div class=\"elementor-image-box-wrapper\"><figure class=\"elementor-image-box-img\"><img fetchpriority=\"high\" decoding=\"async\" width=\"1280\" height=\"720\" src=\"https:\/\/confianza.coop.py\/wordpress\/wp-content\/uploads\/2024\/03\/03.jpg\" class=\"attachment-full size-full wp-image-390\" alt=\"\" srcset=\"https:\/\/confianza.coop.py\/wordpress\/wp-content\/uploads\/2024\/03\/03.jpg 1280w, https:\/\/confianza.coop.py\/wordpress\/wp-content\/uploads\/2024\/03\/03-300x169.jpg 300w, https:\/\/confianza.coop.py\/wordpress\/wp-content\/uploads\/2024\/03\/03-1024x576.jpg 1024w, https:\/\/confianza.coop.py\/wordpress\/wp-content\/uploads\/2024\/03\/03-768x432.jpg 768w\" sizes=\"(max-width: 1280px) 100vw, 1280px\" \/><\/figure><div class=\"elementor-image-box-content\"><p class=\"elementor-image-box-description\">VIDA ASISTENCIA PREPAGA PARA INTERNACIONES es el primer servicio sistematizado de cuidados de personas internadas, con una trayectoria de m\u00e1s de 30 a\u00f1os brindando cobertura a m\u00e1s de 140.000 afiliados en Uruguay, Brasil y Paraguay.<\/p><\/div><\/div>\t\t\t\t<\/div>\n\t\t\t\t<\/div>\n\t\t\t\t<div class=\"elementor-element elementor-element-bd2cf62 elementor-widget elementor-widget-button\" data-id=\"bd2cf62\" data-element_type=\"widget\" data-widget_type=\"button.default\">\n\t\t\t\t<div class=\"elementor-widget-container\">\n\t\t\t\t\t\t\t\t\t<div class=\"elementor-button-wrapper\">\n\t\t\t\t\t<a class=\"elementor-button elementor-button-link elementor-size-sm\" href=\"https:\/\/confianza.coop.py\/wordpress\/index.php\/2024\/03\/18\/charla-vida\/\">\n\t\t\t\t\t\t<span class=\"elementor-button-content-wrapper\">\n\t\t\t\t\t\t\t\t\t<span class=\"elementor-button-text\">Leer m\u00e1s \u00bb<\/span>\n\t\t\t\t\t<\/span>\n\t\t\t\t\t<\/a>\n\t\t\t\t<\/div>\n\t\t\t\t\t\t\t\t<\/div>\n\t\t\t\t<\/div>\n\t\t\t\t<\/div>\n\t\t<div class=\"elementor-element elementor-element-6bee1b46 e-con-full e-flex e-con e-child\" data-id=\"6bee1b46\" data-element_type=\"container\">\n\t\t\t\t<div class=\"elementor-element elementor-element-15a83042 elementor-widget elementor-widget-heading\" data-id=\"15a83042\" data-element_type=\"widget\" data-widget_type=\"heading.default\">\n\t\t\t\t<div class=\"elementor-widget-container\">\n\t\t\t\t\t<h3 class=\"elementor-heading-title elementor-size-default\">Servicio de solidaridad<\/h3>\t\t\t\t<\/div>\n\t\t\t\t<\/div>\n\t\t\t\t<div class=\"elementor-element elementor-element-46f5cfbf elementor-position-top elementor-widget elementor-widget-image-box\" data-id=\"46f5cfbf\" data-element_type=\"widget\" data-widget_type=\"image-box.default\">\n\t\t\t\t<div class=\"elementor-widget-container\">\n\t\t\t\t\t<div class=\"elementor-image-box-wrapper\"><figure class=\"elementor-image-box-img\"><img decoding=\"async\" width=\"538\" height=\"300\" src=\"https:\/\/confianza.coop.py\/wordpress\/wp-content\/uploads\/2024\/03\/NOT_06.jpg\" class=\"attachment-full size-full wp-image-407\" alt=\"\" srcset=\"https:\/\/confianza.coop.py\/wordpress\/wp-content\/uploads\/2024\/03\/NOT_06.jpg 538w, https:\/\/confianza.coop.py\/wordpress\/wp-content\/uploads\/2024\/03\/NOT_06-300x167.jpg 300w\" sizes=\"(max-width: 538px) 100vw, 538px\" \/><\/figure><div class=\"elementor-image-box-content\"><p class=\"elementor-image-box-description\">Tu cooperativa est\u00e1 trabajando para brindarte pronto servicios m\u00e1s importantes.\n<\/p><\/div><\/div>\t\t\t\t<\/div>\n\t\t\t\t<\/div>\n\t\t\t\t<div class=\"elementor-element elementor-element-6a4561b elementor-widget elementor-widget-button\" data-id=\"6a4561b\" data-element_type=\"widget\" data-widget_type=\"button.default\">\n\t\t\t\t<div class=\"elementor-widget-container\">\n\t\t\t\t\t\t\t\t\t<div class=\"elementor-button-wrapper\">\n\t\t\t\t\t<a class=\"elementor-button elementor-button-link elementor-size-sm\" href=\"https:\/\/confianza.coop.py\/wordpress\/index.php\/2024\/03\/18\/servicio-de-solidaridad\/\">\n\t\t\t\t\t\t<span class=\"elementor-button-content-wrapper\">\n\t\t\t\t\t\t\t\t\t<span class=\"elementor-button-text\">Leer m\u00e1s \u00bb<\/span>\n\t\t\t\t\t<\/span>\n\t\t\t\t\t<\/a>\n\t\t\t\t<\/div>\n\t\t\t\t\t\t\t\t<\/div>\n\t\t\t\t<\/div>\n\t\t\t\t<\/div>\n\t\t<div class=\"elementor-element elementor-element-6b1932ef e-con-full e-flex e-con e-child\" data-id=\"6b1932ef\" data-element_type=\"container\">\n\t\t\t\t<div class=\"elementor-element elementor-element-197a085a elementor-widget elementor-widget-heading\" data-id=\"197a085a\" data-element_type=\"widget\" data-widget_type=\"heading.default\">\n\t\t\t\t<div class=\"elementor-widget-container\">\n\t\t\t\t\t<h3 class=\"elementor-heading-title elementor-size-default\">\u00a1Atenci\u00f3n oftalmol\u00f3gica!<\/h3>\t\t\t\t<\/div>\n\t\t\t\t<\/div>\n\t\t\t\t<div class=\"elementor-element elementor-element-12f8209c elementor-position-top elementor-widget elementor-widget-image-box\" data-id=\"12f8209c\" data-element_type=\"widget\" data-widget_type=\"image-box.default\">\n\t\t\t\t<div class=\"elementor-widget-container\">\n\t\t\t\t\t<div class=\"elementor-image-box-wrapper\"><figure class=\"elementor-image-box-img\"><img decoding=\"async\" width=\"538\" height=\"300\" src=\"https:\/\/confianza.coop.py\/wordpress\/wp-content\/uploads\/2024\/02\/NOT_04.jpg\" class=\"attachment-full size-full wp-image-366\" alt=\"\" srcset=\"https:\/\/confianza.coop.py\/wordpress\/wp-content\/uploads\/2024\/02\/NOT_04.jpg 538w, https:\/\/confianza.coop.py\/wordpress\/wp-content\/uploads\/2024\/02\/NOT_04-300x167.jpg 300w\" sizes=\"(max-width: 538px) 100vw, 538px\" \/><\/figure><div class=\"elementor-image-box-content\"><p class=\"elementor-image-box-description\">Acercamos este servicio de atenci\u00f3n a nuestros socios, incluye la posibilidad de financiaci\u00f3n hasta en 10 cuotas en lentes y cristales, por medio de D\u00e9bitos Autom\u00e1ticos de salario.\n<\/p><\/div><\/div>\t\t\t\t<\/div>\n\t\t\t\t<\/div>\n\t\t\t\t<div class=\"elementor-element elementor-element-37f1f1c elementor-widget elementor-widget-button\" data-id=\"37f1f1c\" data-element_type=\"widget\" data-widget_type=\"button.default\">\n\t\t\t\t<div class=\"elementor-widget-container\">\n\t\t\t\t\t\t\t\t\t<div class=\"elementor-button-wrapper\">\n\t\t\t\t\t<a class=\"elementor-button elementor-button-link elementor-size-sm\" href=\"https:\/\/confianza.coop.py\/wordpress\/wp-admin\/customize.php?url=https%3A%2F%2Fconfianza.coop.py%2Fwordpress%2Findex.php%2F2024%2F01%2F17%2Fhello-world%2F\">\n\t\t\t\t\t\t<span class=\"elementor-button-content-wrapper\">\n\t\t\t\t\t\t\t\t\t<span class=\"elementor-button-text\">Leer m\u00e1s \u00bb<\/span>\n\t\t\t\t\t<\/span>\n\t\t\t\t\t<\/a>\n\t\t\t\t<\/div>\n\t\t\t\t\t\t\t\t<\/div>\n\t\t\t\t<\/div>\n\t\t\t\t<\/div>\n\t\t\t\t<\/div>\n\t\t\t\t\t<\/div>\n\t\t\t\t<\/div>\n\t\t\t\t<\/div>\n\t\t","protected":false},"excerpt":{"rendered":"<p>Noticias Charla | Vida VIDA ASISTENCIA PREPAGA PARA INTERNACIONES es el primer servicio sistematizado de cuidados de personas internadas, con una trayectoria de m\u00e1s de 30 a\u00f1os brindando cobertura a m\u00e1s de 140.000 afiliados en Uruguay, Brasil y Paraguay. Leer m\u00e1s \u00bb Servicio de solidaridad Tu cooperativa est\u00e1 trabajando para brindarte pronto servicios m\u00e1s importantes&#8230;.<\/p>\n","protected":false},"author":1,"featured_media":55,"parent":0,"menu_order":0,"comment_status":"open","ping_status":"closed","template":"","meta":{"_kad_post_transparent":"","_kad_post_title":"hide","_kad_post_layout":"fullwidth","_kad_post_sidebar_id":"","_kad_post_content_style":"unboxed","_kad_post_vertical_padding":"hide","_kad_post_feature":"hide","_kad_post_feature_position":"","_kad_post_header":false,"_kad_post_footer":false,"footnotes":""},"class_list":["post-47","page","type-page","status-publish","has-post-thumbnail","hentry"],"_links":{"self":[{"href":"https:\/\/confianza.coop.py\/wordpress\/index.php\/wp-json\/wp\/v2\/pages\/47","targetHints":{"allow":["GET"]}}],"collection":[{"href":"https:\/\/confianza.coop.py\/wordpress\/index.php\/wp-json\/wp\/v2\/pages"}],"about":[{"href":"https:\/\/confianza.coop.py\/wordpress\/index.php\/wp-json\/wp\/v2\/types\/page"}],"author":[{"embeddable":true,"href":"https:\/\/confianza.coop.py\/wordpress\/index.php\/wp-json\/wp\/v2\/users\/1"}],"replies":[{"embeddable":true,"href":"https:\/\/confianza.coop.py\/wordpress\/index.php\/wp-json\/wp\/v2\/comments?post=47"}],"version-history":[{"count":139,"href":"https:\/\/confianza.coop.py\/wordpress\/index.php\/wp-json\/wp\/v2\/pages\/47\/revisions"}],"predecessor-version":[{"id":467,"href":"https:\/\/confianza.coop.py\/wordpress\/index.php\/wp-json\/wp\/v2\/pages\/47\/revisions\/467"}],"wp:featuredmedia":[{"embeddable":true,"href":"https:\/\/confianza.coop.py\/wordpress\/index.php\/wp-json\/wp\/v2\/media\/55"}],"wp:attachment":[{"href":"https:\/\/confianza.coop.py\/wordpress\/index.php\/wp-json\/wp\/v2\/media?parent=47"}],"curies":[{"name":"wp","href":"https:\/\/api.w.org\/{rel}","templated":true}]}}